{"id":396,"date":"2020-10-15T14:21:10","date_gmt":"2020-10-15T12:21:10","guid":{"rendered":"http:\/\/psy-umj.fr\/?page_id=396"},"modified":"2023-06-28T16:52:09","modified_gmt":"2023-06-28T14:52:09","slug":"argumentation-colloque","status":"publish","type":"page","link":"https:\/\/www.psy-umj.fr\/?page_id=396","title":{"rendered":"Argumentation COLLOQUE"},"content":{"rendered":"\t\t<div data-elementor-type=\"wp-page\" data-elementor-id=\"396\" class=\"elementor elementor-396\">\n\t\t\t\t\t\t<section class=\"elementor-section elementor-top-section elementor-element elementor-element-5131a13e elementor-section-boxed elementor-section-height-default elementor-section-height-default\" data-id=\"5131a13e\" data-element_type=\"section\" data-e-type=\"section\" data-settings=\"{&quot;background_background&quot;:&quot;classic&quot;}\">\n\t\t\t\t\t\t\t<div class=\"elementor-background-overlay\"><\/div>\n\t\t\t\t\t\t\t<div class=\"elementor-container elementor-column-gap-default\">\n\t\t\t\t\t<div class=\"elementor-column elementor-col-100 elementor-top-column elementor-element elementor-element-1053ca7a\" data-id=\"1053ca7a\" data-element_type=\"column\" data-e-type=\"column\">\n\t\t\t<div class=\"elementor-widget-wrap elementor-element-populated\">\n\t\t\t\t\t\t<div class=\"elementor-element elementor-element-3d99e122 elementor-widget elementor-widget-heading\" data-id=\"3d99e122\" data-element_type=\"widget\" data-e-type=\"widget\" data-widget_type=\"heading.default\">\n\t\t\t\t<div class=\"elementor-widget-container\">\n\t\t\t\t\t<h1 class=\"elementor-heading-title elementor-size-default\">COLLOQUE<\/h1>\t\t\t\t<\/div>\n\t\t\t\t<\/div>\n\t\t\t\t\t<\/div>\n\t\t<\/div>\n\t\t\t\t\t<\/div>\n\t\t<\/section>\n\t\t\t\t<section class=\"elementor-section elementor-top-section elementor-element elementor-element-8083e22 elementor-section-boxed elementor-section-height-default elementor-section-height-default\" data-id=\"8083e22\" data-element_type=\"section\" data-e-type=\"section\">\n\t\t\t\t\t\t<div class=\"elementor-container elementor-column-gap-default\">\n\t\t\t\t\t<div class=\"elementor-column elementor-col-100 elementor-top-column elementor-element elementor-element-f4d7acb\" data-id=\"f4d7acb\" data-element_type=\"column\" data-e-type=\"column\">\n\t\t\t<div class=\"elementor-widget-wrap elementor-element-populated\">\n\t\t\t\t\t\t<div class=\"elementor-element elementor-element-73066e0 elementor-widget elementor-widget-heading\" data-id=\"73066e0\" data-element_type=\"widget\" data-e-type=\"widget\" data-widget_type=\"heading.default\">\n\t\t\t\t<div class=\"elementor-widget-container\">\n\t\t\t\t\t<h2 class=\"elementor-heading-title elementor-size-default\"><u>ARGUMENT<\/u><\/h2>\t\t\t\t<\/div>\n\t\t\t\t<\/div>\n\t\t\t\t\t<\/div>\n\t\t<\/div>\n\t\t\t\t\t<\/div>\n\t\t<\/section>\n\t\t\t\t<section class=\"elementor-section elementor-top-section elementor-element elementor-element-40177ae0 elementor-section-boxed elementor-section-height-default elementor-section-height-default\" data-id=\"40177ae0\" data-element_type=\"section\" data-e-type=\"section\">\n\t\t\t\t\t\t<div class=\"elementor-container elementor-column-gap-no\">\n\t\t\t\t\t<div class=\"elementor-column elementor-col-33 elementor-top-column elementor-element elementor-element-bb33468\" data-id=\"bb33468\" data-element_type=\"column\" data-e-type=\"column\">\n\t\t\t<div class=\"elementor-widget-wrap elementor-element-populated\">\n\t\t\t\t\t\t<div class=\"elementor-element elementor-element-a7196b5 elementor-icon-list--layout-traditional elementor-list-item-link-full_width elementor-widget elementor-widget-icon-list\" data-id=\"a7196b5\" data-element_type=\"widget\" data-e-type=\"widget\" data-widget_type=\"icon-list.default\">\n\t\t\t\t<div class=\"elementor-widget-container\">\n\t\t\t\t\t\t\t<ul class=\"elementor-icon-list-items\">\n\t\t\t\t\t\t\t<li class=\"elementor-icon-list-item\">\n\t\t\t\t\t\t\t\t\t\t\t<span class=\"elementor-icon-list-icon\">\n\t\t\t\t\t\t\t<i aria-hidden=\"true\" class=\"fas fa-chevron-right\"><\/i>\t\t\t\t\t\t<\/span>\n\t\t\t\t\t\t\t\t\t\t<span class=\"elementor-icon-list-text\">Argumentation<\/span>\n\t\t\t\t\t\t\t\t\t<\/li>\n\t\t\t\t\t\t\t\t<li class=\"elementor-icon-list-item\">\n\t\t\t\t\t\t\t\t\t\t\t<a href=\"https:\/\/www.psy-umj.fr\/?page_id=558\">\n\n\t\t\t\t\t\t\t\t\t\t\t\t<span class=\"elementor-icon-list-icon\">\n\t\t\t\t\t\t\t<i aria-hidden=\"true\" class=\"fas fa-chevron-right\"><\/i>\t\t\t\t\t\t<\/span>\n\t\t\t\t\t\t\t\t\t\t<span class=\"elementor-icon-list-text\">Programme et podcasts<\/span>\n\t\t\t\t\t\t\t\t\t\t\t<\/a>\n\t\t\t\t\t\t\t\t\t<\/li>\n\t\t\t\t\t\t\t\t<li class=\"elementor-icon-list-item\">\n\t\t\t\t\t\t\t\t\t\t\t<a href=\"https:\/\/www.psy-umj.fr\/?page_id=336\">\n\n\t\t\t\t\t\t\t\t\t\t\t\t<span class=\"elementor-icon-list-icon\">\n\t\t\t\t\t\t\t<i aria-hidden=\"true\" class=\"fas fa-chevron-right\"><\/i>\t\t\t\t\t\t<\/span>\n\t\t\t\t\t\t\t\t\t\t<span class=\"elementor-icon-list-text\">Comit\u00e9 Scientifique<\/span>\n\t\t\t\t\t\t\t\t\t\t\t<\/a>\n\t\t\t\t\t\t\t\t\t<\/li>\n\t\t\t\t\t\t\t\t<li class=\"elementor-icon-list-item\">\n\t\t\t\t\t\t\t\t\t\t\t<a href=\"https:\/\/www.psy-umj.fr\/?page_id=354\">\n\n\t\t\t\t\t\t\t\t\t\t\t\t<span class=\"elementor-icon-list-icon\">\n\t\t\t\t\t\t\t<i aria-hidden=\"true\" class=\"fas fa-chevron-right\"><\/i>\t\t\t\t\t\t<\/span>\n\t\t\t\t\t\t\t\t\t\t<span class=\"elementor-icon-list-text\">Inscription <\/span>\n\t\t\t\t\t\t\t\t\t\t\t<\/a>\n\t\t\t\t\t\t\t\t\t<\/li>\n\t\t\t\t\t\t\t\t<li class=\"elementor-icon-list-item\">\n\t\t\t\t\t\t\t\t\t\t\t<a href=\"https:\/\/www.psy-umj.fr\/?page_id=566\">\n\n\t\t\t\t\t\t\t\t\t\t\t\t<span class=\"elementor-icon-list-icon\">\n\t\t\t\t\t\t\t<i aria-hidden=\"true\" class=\"fas fa-chevron-right\"><\/i>\t\t\t\t\t\t<\/span>\n\t\t\t\t\t\t\t\t\t\t<span class=\"elementor-icon-list-text\">Enqu\u00eate sur les pratiques<\/span>\n\t\t\t\t\t\t\t\t\t\t\t<\/a>\n\t\t\t\t\t\t\t\t\t<\/li>\n\t\t\t\t\t\t\t\t<li class=\"elementor-icon-list-item\">\n\t\t\t\t\t\t\t\t\t\t\t<a href=\"https:\/\/www.psy-umj.fr\/?page_id=325\">\n\n\t\t\t\t\t\t\t\t\t\t\t\t<span class=\"elementor-icon-list-icon\">\n\t\t\t\t\t\t\t<i aria-hidden=\"true\" class=\"fas fa-chevron-right\"><\/i>\t\t\t\t\t\t<\/span>\n\t\t\t\t\t\t\t\t\t\t<span class=\"elementor-icon-list-text\">Partenaires<\/span>\n\t\t\t\t\t\t\t\t\t\t\t<\/a>\n\t\t\t\t\t\t\t\t\t<\/li>\n\t\t\t\t\t\t<\/ul>\n\t\t\t\t\t\t<\/div>\n\t\t\t\t<\/div>\n\t\t\t\t\t<\/div>\n\t\t<\/div>\n\t\t\t\t<div class=\"elementor-column elementor-col-33 elementor-top-column elementor-element elementor-element-a03764d\" data-id=\"a03764d\" data-element_type=\"column\" data-e-type=\"column\">\n\t\t\t<div class=\"elementor-widget-wrap elementor-element-populated\">\n\t\t\t\t\t\t<div class=\"elementor-element elementor-element-3e66b43 elementor-widget elementor-widget-text-editor\" data-id=\"3e66b43\" data-element_type=\"widget\" data-e-type=\"widget\" data-widget_type=\"text-editor.default\">\n\t\t\t\t<div class=\"elementor-widget-container\">\n\t\t\t\t\t\t\t\t\t<h3>L\u2019e\u0301valuation du retentissement psychologique dans la proce\u0301dure p\u00e9nale.<\/h3><h4><em>Etat des lieux et perspectives des pratiques en unit\u00e9s m\u00e9dico-judiciaires.<\/em><\/h4>\t\t\t\t\t\t\t\t<\/div>\n\t\t\t\t<\/div>\n\t\t\t\t<div class=\"elementor-element elementor-element-0053093 elementor-widget elementor-widget-text-editor\" data-id=\"0053093\" data-element_type=\"widget\" data-e-type=\"widget\" data-widget_type=\"text-editor.default\">\n\t\t\t\t<div class=\"elementor-widget-container\">\n\t\t\t\t\t\t\t\t\t<p class=\"p1\">Les cons\u00e9quences psychologiques d&#8217;une agression, d&#8217;un accident, d&#8217;un attentat, d&#8217;une catastrophe naturelle, etc., occupent aujourd&#8217;hui une place \u00e0 part enti\u00e8re dans la reconnaissance des souffrances que les victimes subissent suite \u00e0 ces \u00e9v\u00e9nements.\u00a0<span style=\"font-style: inherit; font-weight: inherit; color: var( --e-global-color-text ); font-family: var( --e-global-typography-text-font-family ), Sans-serif;\">L&#8217;\u00e9valuation du retentissement psychologique de victimes d&#8217;infractions p\u00e9nales est devenue une pratique courante et constitue de plus en plus un des \u00e9l\u00e9ments de la proc\u00e9dure judiciaire.<\/span><\/p>\t\t\t\t\t\t\t\t<\/div>\n\t\t\t\t<\/div>\n\t\t\t\t<div class=\"elementor-element elementor-element-e423afb elementor-widget elementor-widget-text-editor\" data-id=\"e423afb\" data-element_type=\"widget\" data-e-type=\"widget\" data-widget_type=\"text-editor.default\">\n\t\t\t\t<div class=\"elementor-widget-container\">\n\t\t\t\t\t\t\t\t\t<p class=\"p1\">2011 a marqu\u00e9 un tournant avec les recommandations de la Haute Autorit\u00e9 de Sant\u00e9 stipulant la n\u00e9cessit\u00e9 de d\u00e9crire sur le plan psychologique \u00ab les manifestations imm\u00e9diates constat\u00e9es et les facteurs pr\u00e9dictifs de complications psychiques ult\u00e9rieures \u00e9ventuelles \u00bb. Les aspects psychologiques sont \u00e0 prendre en consid\u00e9ration au m\u00eame titre que les aspects somatiques.<\/p>\t\t\t\t\t\t\t\t<\/div>\n\t\t\t\t<\/div>\n\t\t\t\t<div class=\"elementor-element elementor-element-d848187 elementor-widget elementor-widget-text-editor\" data-id=\"d848187\" data-element_type=\"widget\" data-e-type=\"widget\" data-widget_type=\"text-editor.default\">\n\t\t\t\t<div class=\"elementor-widget-container\">\n\t\t\t\t\t\t\t\t\t<p class=\"p1\">Parall\u00e8lement \u00e0 cette reconnaissance, le retentissement psychologique confronte les professionnels \u00e0 une complexit\u00e9 quant \u00e0 son \u00e9valuation et \u00e0 son utilisation. Les quelques recherches r\u00e9alis\u00e9es au sein des unit\u00e9s m\u00e9dico-judiciaires fran\u00e7aises sur cette question r\u00e9v\u00e8lent une grande disparit\u00e9 des pratiques et des professionnels qui participent \u00e0 l&#8217;\u00e9valuation. La complexit\u00e9 atteint son paroxysme lorsqu&#8217;il s&#8217;agit de d\u00e9terminer l&#8217;incapacit\u00e9 totale de travail (ITT). Certains \u00e9voqueront un ITT globale, comprenant les aspects somatiques et psychiques, d&#8217;autres \u00e9voqueront une ITT dite \u00ab psychologique \u00bb.\u00a0<span style=\"font-style: inherit; font-weight: inherit; color: var( --e-global-color-text ); font-family: var( --e-global-typography-text-font-family ), Sans-serif;\">Cette absence de consensus peut rendre l&#8217;utilisation de cette\u00a0\u00e9valuation par le monde policier et judiciaire complexe, voire confuse.<\/span><\/p>\t\t\t\t\t\t\t\t<\/div>\n\t\t\t\t<\/div>\n\t\t\t\t<div class=\"elementor-element elementor-element-0174587 elementor-widget elementor-widget-text-editor\" data-id=\"0174587\" data-element_type=\"widget\" data-e-type=\"widget\" data-widget_type=\"text-editor.default\">\n\t\t\t\t<div class=\"elementor-widget-container\">\n\t\t\t\t\t\t\t\t\t<p class=\"p1\">Les psychologues des unit\u00e9s m\u00e9dico-judiciaires, dont les postes ont \u00e9t\u00e9 cr\u00e9\u00e9s en 2010 gr\u00e2ce \u00e0 la r\u00e9forme de la m\u00e9decine l\u00e9gale, se retrouvent principaux acteurs dans l&#8217;\u00e9valuation du retentissement psychologique alors m\u00eame que ces postes \u00e9taient initialement d\u00e9di\u00e9s au soin. Ils se retrouvent en difficult\u00e9 face \u00e0 la demande de chiffrer une souffrance psychologique.<\/p>\t\t\t\t\t\t\t\t<\/div>\n\t\t\t\t<\/div>\n\t\t\t\t<div class=\"elementor-element elementor-element-32767dd elementor-widget elementor-widget-text-editor\" data-id=\"32767dd\" data-element_type=\"widget\" data-e-type=\"widget\" data-widget_type=\"text-editor.default\">\n\t\t\t\t<div class=\"elementor-widget-container\">\n\t\t\t\t\t\t\t\t\t<p class=\"p1\">Face aux difficult\u00e9s, tant de l&#8217;\u00e9valuation du retentissement psychologique, de son int\u00e9gration dans l&#8217;\u00e9tablissement de I&#8217;ITT, que de son utilisation dans la proc\u00e9dure p\u00e9nale, l&#8217;association des psychologues de m\u00e9decine l\u00e9gale souhaite lancer le d\u00e9bat et organise un colloque sur ce th\u00e8me le 2 juin 2023 \u00e0 Bordeaux.<\/p><p>II a pour objectifs de r\u00e9unir les professionnels concern\u00e9s par le retentissement psychologique, m\u00e9decins l\u00e9gistes, p\u00e9diatres l\u00e9gistes, psychiatres, procureurs de la R\u00e9publique, enqu\u00eateurs de police et de gendarmerie, avocats, et bien \u00e9videmment, psychologues des unit\u00e9s m\u00e9dico-judiciaires, afin d\u2019\u00e9changer sur les repr\u00e9sentations de l&#8217;\u00e9valuation du retentissement psychologique, ses objectifs, sur les attentes de chaque professionnel, et sur sa place dans la proc\u00e9dure p\u00e9nale.<\/p>\t\t\t\t\t\t\t\t<\/div>\n\t\t\t\t<\/div>\n\t\t\t\t<div class=\"elementor-element elementor-element-911174a elementor-widget elementor-widget-button\" data-id=\"911174a\" data-element_type=\"widget\" data-e-type=\"widget\" data-widget_type=\"button.default\">\n\t\t\t\t<div class=\"elementor-widget-container\">\n\t\t\t\t\t\t\t\t\t<div class=\"elementor-button-wrapper\">\n\t\t\t\t\t<a class=\"elementor-button elementor-button-link elementor-size-sm\" href=\"https:\/\/www.psy-umj.fr\/?page_id=558\">\n\t\t\t\t\t\t<span class=\"elementor-button-content-wrapper\">\n\t\t\t\t\t\t\t\t\t<span class=\"elementor-button-text\">D\u00e9couvrir le programme<\/span>\n\t\t\t\t\t<\/span>\n\t\t\t\t\t<\/a>\n\t\t\t\t<\/div>\n\t\t\t\t\t\t\t\t<\/div>\n\t\t\t\t<\/div>\n\t\t\t\t<div class=\"elementor-element elementor-element-aa4e1e8 elementor-widget elementor-widget-text-editor\" data-id=\"aa4e1e8\" data-element_type=\"widget\" data-e-type=\"widget\" data-widget_type=\"text-editor.default\">\n\t\t\t\t<div class=\"elementor-widget-container\">\n\t\t\t\t\t\t\t\t\t<p><a href=\"http:\/\/www.psy-umj.fr\/wp-content\/uploads\/2023\/05\/Colloque-retentissement-psychologique-psy-UMJ-2023.pdf\">T\u00e9l\u00e9chargez le flyer<\/a><\/p>\t\t\t\t\t\t\t\t<\/div>\n\t\t\t\t<\/div>\n\t\t\t\t<div class=\"elementor-element elementor-element-290621a elementor-widget elementor-widget-image\" data-id=\"290621a\" data-element_type=\"widget\" data-e-type=\"widget\" data-widget_type=\"image.default\">\n\t\t\t\t<div class=\"elementor-widget-container\">\n\t\t\t\t\t\t\t\t\t\t\t\t\t\t\t\t<a href=\"https:\/\/psy-umj.fr\/wp-content\/uploads\/2022\/09\/Flyer-colloque-psy-UMJ-retentissement-Bordeaux.pdf\">\n\t\t\t\t\t\t\t<img decoding=\"async\" src=\"https:\/\/psy-umj.fr\/wp-content\/uploads\/2022\/09\/Affiche-colloque-psy-UMJ-retentissement-Bordeaux.png\" title=\"\" alt=\"\" loading=\"lazy\" \/>\t\t\t\t\t\t\t\t<\/a>\n\t\t\t\t\t\t\t\t\t\t\t\t\t\t\t<\/div>\n\t\t\t\t<\/div>\n\t\t\t\t\t<\/div>\n\t\t<\/div>\n\t\t\t\t<div class=\"elementor-column elementor-col-33 elementor-top-column elementor-element elementor-element-b8fb395\" data-id=\"b8fb395\" data-element_type=\"column\" data-e-type=\"column\">\n\t\t\t<div class=\"elementor-widget-wrap\">\n\t\t\t\t\t\t\t<\/div>\n\t\t<\/div>\n\t\t\t\t\t<\/div>\n\t\t<\/section>\n\t\t\t\t<\/div>\n\t\t","protected":false},"excerpt":{"rendered":"<p>COLLOQUE ARGUMENT Argumentation Programme et podcasts Comit\u00e9 Scientifique Inscription Enqu\u00eate sur les pratiques Partenaires L\u2019e\u0301valuation du retentissement psychologique dans la proce\u0301dure p\u00e9nale. Etat des lieux et perspectives des pratiques en unit\u00e9s m\u00e9dico-judiciaires. Les cons\u00e9quences psychologiques d&#8217;une agression, d&#8217;un accident, d&#8217;un attentat, d&#8217;une catastrophe naturelle, etc., occupent aujourd&#8217;hui une place \u00e0 part enti\u00e8re dans la reconnaissance &hellip;<\/p>\n<p class=\"read-more\"> <a class=\"\" href=\"https:\/\/www.psy-umj.fr\/?page_id=396\"> <span class=\"screen-reader-text\">Argumentation COLLOQUE<\/span> Read More &raquo;<\/a><\/p>\n","protected":false},"author":1,"featured_media":0,"parent":0,"menu_order":0,"comment_status":"closed","ping_status":"closed","template":"","meta":{"site-sidebar-layout":"no-sidebar","site-content-layout":"page-builder","ast-global-header-display":"","ast-main-header-display":"","ast-hfb-above-header-display":"","ast-hfb-below-header-display":"","ast-hfb-mobile-header-display":"","site-post-title":"disabled","ast-breadcrumbs-content":"","ast-featured-img":"","footer-sml-layout":"","theme-transparent-header-meta":"enabled","adv-header-id-meta":"","stick-header-meta":"","header-above-stick-meta":"","header-main-stick-meta":"","header-below-stick-meta":"","footnotes":""},"class_list":["post-396","page","type-page","status-publish","hentry"],"_links":{"self":[{"href":"https:\/\/www.psy-umj.fr\/index.php?rest_route=\/wp\/v2\/pages\/396","targetHints":{"allow":["GET"]}}],"collection":[{"href":"https:\/\/www.psy-umj.fr\/index.php?rest_route=\/wp\/v2\/pages"}],"about":[{"href":"https:\/\/www.psy-umj.fr\/index.php?rest_route=\/wp\/v2\/types\/page"}],"author":[{"embeddable":true,"href":"https:\/\/www.psy-umj.fr\/index.php?rest_route=\/wp\/v2\/users\/1"}],"replies":[{"embeddable":true,"href":"https:\/\/www.psy-umj.fr\/index.php?rest_route=%2Fwp%2Fv2%2Fcomments&post=396"}],"version-history":[{"count":27,"href":"https:\/\/www.psy-umj.fr\/index.php?rest_route=\/wp\/v2\/pages\/396\/revisions"}],"predecessor-version":[{"id":1013,"href":"https:\/\/www.psy-umj.fr\/index.php?rest_route=\/wp\/v2\/pages\/396\/revisions\/1013"}],"wp:attachment":[{"href":"https:\/\/www.psy-umj.fr\/index.php?rest_route=%2Fwp%2Fv2%2Fmedia&parent=396"}],"curies":[{"name":"wp","href":"https:\/\/api.w.org\/{rel}","templated":true}]}}